{"id":607,"date":"2022-06-15T10:18:17","date_gmt":"2022-06-15T10:18:17","guid":{"rendered":"https:\/\/startersites.io\/stagingfour\/?page_id=607"},"modified":"2025-03-01T08:36:50","modified_gmt":"2025-03-01T08:36:50","slug":"o-nas","status":"publish","type":"page","link":"https:\/\/wenerski.glogow.pl\/index.php\/o-nas\/","title":{"rendered":"O Nas"},"content":{"rendered":"\n<div class=\"wp-block-stackable-columns alignfull stk-block-columns stk-block stk-51b2b12 stk-block-background stk--has-background-overlay\" data-block-id=\"51b2b12\"><style>.stk-51b2b12 .stk--block-align-51b2b12{align-items:flex-start !important;}.stk-51b2b12 {background-color:var(--theme-palette-color-4, #102136) !important;background-image:url(https:\/\/wenerski.glogow.pl\/wp-content\/uploads\/2025\/02\/customers-who-choose-buy-condominium-room-bank-approve-loan-their-purchase-condominium-house-loan-interest-rate-from-bank-concept-officexa.jpg) !important;background-position:bottom center !important;background-repeat:no-repeat !important;background-size:cover !important;padding-top:148px !important;padding-bottom:0px !important;margin-top:-4px !important;margin-bottom:0px !important;}.stk-51b2b12:before{background-color:var(--theme-palette-color-4, #102136) !important;opacity:0.8 !important;}.stk-51b2b12-column{--stk-column-gap:35px !important;row-gap:35px !important;}@media screen and (max-width:999px){.stk-51b2b12 {padding-top:250px !important;padding-bottom:150px !important;}}@media screen and (max-width:689px){.stk-51b2b12 {padding-top:150px !important;padding-bottom:100px !important;}}<\/style><div class=\"stk-row stk-inner-blocks has-text-align-left stk--block-align-51b2b12 stk-block-content stk-content-align stk-51b2b12-column\">\n<div class=\"wp-block-stackable-column stk-block-column stk-column stk-block stk-3a43e6b\" data-v=\"4\" data-block-id=\"3a43e6b\"><style>.stk-3a43e6b-container{margin-top:0px !important;margin-right:0px !important;margin-bottom:0px !important;margin-left:0px !important;min-height:1000px !important;}@media screen and (min-width:690px){.stk-3a43e6b {flex:var(--stk-flex-grow, 1) 1 calc(70% - var(--stk-column-gap, 0px) * 1 \/ 2 ) !important;}}<\/style><div class=\"stk-column-wrapper stk-block-column__content stk-container stk-3a43e6b-container stk--no-background stk--no-padding\"><div class=\"has-text-align-center-mobile stk-block-content stk-inner-blocks stk-3a43e6b-inner-blocks\">\n<div class=\"wp-block-stackable-heading stk-block-heading stk-block-heading--v2 stk-block stk-7225c59\" id=\"biuro-obslugi-nieruchomosci-wenerski-sp-z-o-o-profesjonalne-zarzadzanie-nieruchomosciami\" data-block-id=\"7225c59\"><style>.stk-7225c59 {margin-bottom:10px !important;}.stk-7225c59 .stk-block-heading__text{font-size:45px !important;color:var(--theme-palette-color-8, #ffffff) !important;line-height:1.3em !important;font-weight:800 !important;}@media screen and (max-width:999px){.stk-7225c59 .stk-block-heading__text{font-size:40px !important;}}@media screen and (max-width:689px){.stk-7225c59 .stk-block-heading__text{font-size:30px !important;}}<\/style><h2 class=\"stk-block-heading__text has-text-color\">Biuro Obs\u0142ugi Nieruchomo\u015bci \u201eWenerski\u201d Sp. z o.o. \u2013 Profesjonalne Zarz\u0105dzanie Nieruchomo\u015bciami<\/h2><\/div>\n\n\n\n<p class=\"has-palette-color-8-color has-text-color has-link-color wp-elements-3e9c92a705d850fecd043ca142171cfe\"><strong>25 lat do\u015bwiadczenia na rynku nieruchomo\u015bci!<\/strong><\/p>\n\n\n\n<p class=\"has-palette-color-8-color has-text-color has-link-color wp-elements-5b364d1e592ad680ffd30bdc560298a2\">Biuro Obs\u0142ugi Nieruchomo\u015bci \u201eWenerski\u201d&nbsp;Sp. z o.o. to firma z wieloletni\u0105 tradycj\u0105, kt\u00f3ra dzia\u0142a na rynku od 2000 roku. Specjalizujemy si\u0119 w zarz\u0105dzaniu i administrowaniu nieruchomo\u015bciami na terenie G\u0142ogowa i okolic. Jeste\u015bmy <strong>pierwsz\u0105 prywatn\u0105 firm\u0105<\/strong> o tego typu dzia\u0142alno\u015bci w G\u0142ogowie, co czyni nas liderem w bran\u017cy w regionie.<\/p>\n\n\n\n<p class=\"has-palette-color-8-color has-text-color has-link-color wp-elements-9dac272ac2e28aeef50c265fee850763\">Nasze biuro mie\u015bci si\u0119 przy <strong>ul. M\u0142y\u0144skiej 6 w G\u0142ogowie<\/strong>, sk\u0105d koordynujemy nasz\u0105 dzia\u0142alno\u015b\u0107 i obs\u0142ugujemy licznych klient\u00f3w. Pod nasz\u0105 opiek\u0105 znajduj\u0105 si\u0119 zar\u00f3wno <strong>nieruchomo\u015bci mieszkalne, us\u0142ugowe, jak i komercyjne<\/strong>. Dzi\u0119ki wieloletniemu do\u015bwiadczeniu oraz indywidualnemu podej\u015bciu do ka\u017cdego klienta zapewniamy <strong>wysoki standard obs\u0142ugi<\/strong> i <strong>sprawne zarz\u0105dzanie mieniem<\/strong>.<\/p>\n\n\n\n<h3 class=\"wp-block-heading\"><strong><span style=\"color: #ffffff;\" class=\"stk-highlight\">Nasze us\u0142ugi:<\/span><\/strong><\/h3>\n\n\n\n<p><span style=\"color: #ffffff;\" class=\"stk-highlight\">\u2705 <strong>Administracja wsp\u00f3lnotami mieszkaniowymi<\/strong> \u2013 kompleksowe wsparcie w zarz\u0105dzaniu budynkami wielorodzinnymi, dbanie o ich stan techniczny oraz codzienn\u0105 obs\u0142ug\u0119.<br>\u2705 <strong>Prowadzenie ksi\u0119gowo\u015bci wsp\u00f3lnot mieszkaniowych<\/strong> \u2013 profesjonalna obs\u0142uga finansowa wsp\u00f3lnot, prowadzenie dokumentacji i rozlicze\u0144.<br>\u2705 <strong>Zarz\u0105dzanie obiektami<\/strong> \u2013 nadz\u00f3r nad nieruchomo\u015bciami komercyjnymi i us\u0142ugowymi, zapewnienie ich prawid\u0142owego funkcjonowania.<br>\u2705 <strong>Nadzory budowlane<\/strong> \u2013 kontrola realizacji inwestycji budowlanych, zgodno\u015b\u0107 z przepisami i nadz\u00f3r nad pracami remontowymi.<br>\u2705 <strong>Kontrole roczne i pi\u0119cioletnie nieruchomo\u015bci<\/strong> \u2013 przegl\u0105dy techniczne budynk\u00f3w zgodnie z obowi\u0105zuj\u0105cymi przepisami prawa budowlanego.<br>\u2705 <strong>Certyfikaty energetyczne<\/strong> \u2013 sporz\u0105dzanie \u015bwiadectw charakterystyki energetycznej dla budynk\u00f3w i lokali <\/span>u\u017cytkowych.<\/p>\n\n\n\n<h3 class=\"wp-block-heading\"><strong><span style=\"color: #ffffff;\" class=\"stk-highlight\">Zesp\u00f3\u0142, kt\u00f3ry zna si\u0119 na rzeczy<\/span><\/strong><\/h3>\n\n\n\n<p><span style=\"color: #ffffff;\" class=\"stk-highlight\">Nasz\u0105 firm\u0119 tworzy\u00a0<strong>stabilny i zgrany zesp\u00f3\u0142 do\u015bwiadczonych specjalist\u00f3w<\/strong>, kt\u00f3rzy z pasj\u0105 i zaanga\u017cowaniem podchodz\u0105 do swojej pracy. Dzi\u0119ki ich wiedzy, do\u015bwiadczeniu i rzetelno\u015bci zapewniamy naszym klientom <strong>spok\u00f3j oraz pewno\u015b\u0107, \u017ce ich nieruchomo\u015bci s\u0105 w dobrych r\u0119kach<\/strong>.<\/span><\/p>\n\n\n\n<p><span style=\"color: #ffffff;\" class=\"stk-highlight\"><strong>Dzia\u0142amy rzetelnie, skutecznie i z trosk\u0105 o nieruchomo\u015bci naszych klient\u00f3w.<\/strong><br>Zapraszamy do wsp\u00f3\u0142pracy!<\/span><\/p>\n\n\n\n<p><\/p>\n<\/div><\/div><\/div>\n\n\n\n<div class=\"wp-block-stackable-column stk-block-column stk-column stk-block stk-8689da1\" data-v=\"4\" data-block-id=\"8689da1\"><style>@media screen and (min-width:690px){.stk-8689da1 {flex:var(--stk-flex-grow, 1) 1 calc(30% - var(--stk-column-gap, 0px) * 1 \/ 2 ) !important;}}<\/style><div class=\"stk-column-wrapper stk-block-column__content stk-container stk-8689da1-container stk--no-background stk--no-padding\"><div class=\"stk-block-content stk-inner-blocks stk-8689da1-inner-blocks\"><\/div><\/div><\/div>\n<\/div><\/div>\n\n\n\n<p><\/p>\n","protected":false},"excerpt":{"rendered":"<p>Biuro Obs\u0142ugi Nieruchomo\u015bci \u201eWenerski\u201d Sp. z o.o. \u2013 Profesjonalne Zarz\u0105dzanie Nieruchomo\u015bciami 25 lat do\u015bwiadczenia na rynku nieruchomo\u015bci! Biuro Obs\u0142ugi Nieruchomo\u015bci \u201eWenerski\u201d&nbsp;Sp. z o.o. to firma z wieloletni\u0105 tradycj\u0105, kt\u00f3ra dzia\u0142a na rynku od 2000 roku. Specjalizujemy si\u0119 w zarz\u0105dzaniu i administrowaniu nieruchomo\u015bciami na terenie G\u0142ogowa i okolic. Jeste\u015bmy pierwsz\u0105 prywatn\u0105 firm\u0105 o tego typu dzia\u0142alno\u015bci [&hellip;]<\/p>\n","protected":false},"author":1,"featured_media":0,"parent":0,"menu_order":0,"comment_status":"closed","ping_status":"closed","template":"","meta":{"footnotes":""},"class_list":["post-607","page","type-page","status-publish","hentry"],"blocksy_meta":{"page_title_panel":"","has_hero_section":"disabled","fe1c64ab89945cda534f4bb2d579ae1a":"","hero_section":"type-1","hero_elements":[{"id":"custom_title","enabled":true,"heading_tag":"h1","title":"Home"},{"id":"custom_description","enabled":true,"description_visibility":{"desktop":true,"tablet":true,"mobile":false}},{"id":"custom_meta","enabled":false,"meta_elements":[{"id":"author","enabled":true,"label":"By","has_author_avatar":"yes","avatar_size":25},{"id":"post_date","enabled":true,"label":"On","date_format_source":"default","date_format":"M j, Y"},{"id":"updated_date","enabled":false,"label":"On","date_format_source":"default","date_format":"M j, Y"},{"id":"categories","enabled":false,"label":"In","style":"simple"},{"id":"comments","enabled":true}],"page_meta_elements":{"joined":true,"articles_count":true,"comments":true}},{"id":"breadcrumbs","enabled":false}],"433b02732bec8d55ec282f00a9a700eb":"","hero_alignment1":"CT_CSS_SKIP_RULE","hero_margin":40,"hero_alignment2":"center","hero_vertical_alignment":"center","fdbb34d69d6afe2394c07d96c9ea0b60":"","hero_structure":"narrow","cb306aece5e91b9a44875e4a81075440":"","page_title_bg_type":"featured_image","custom_hero_background":{"attachment_id":null},"page_title_image_size":"full","parallax":{"desktop":false,"tablet":false,"mobile":false},"034bc954f3c533bc75ffdf62670c8395":"","hero_height":"250px","pageTitleFont":{"family":"Default","variation":"Default","size":"30px","line-height":"CT_CSS_SKIP_RULE","letter-spacing":"CT_CSS_SKIP_RULE","text-transform":"CT_CSS_SKIP_RULE","text-decoration":"CT_CSS_SKIP_RULE"},"pageTitleFontColor":{"default":{"color":"CT_CSS_SKIP_RULEDEFAULT"}},"pageMetaFont":{"family":"Default","variation":"n6","size":"12px","line-height":"1.3","letter-spacing":"CT_CSS_SKIP_RULE","text-transform":"uppercase","text-decoration":"CT_CSS_SKIP_RULE"},"pageMetaFontColor":{"default":{"color":"CT_CSS_SKIP_RULEDEFAULT"},"hover":{"color":"CT_CSS_SKIP_RULEDEFAULT"}},"page_meta_button_type_font_colors":{"default":{"color":"CT_CSS_SKIP_RULEDEFAULT"},"hover":{"color":"CT_CSS_SKIP_RULEDEFAULT"}},"page_meta_button_type_background_colors":{"default":{"color":"CT_CSS_SKIP_RULEDEFAULT"},"hover":{"color":"CT_CSS_SKIP_RULEDEFAULT"}},"pageExcerptFont":{"family":"Default","variation":"Default","size":"CT_CSS_SKIP_RULE","line-height":"CT_CSS_SKIP_RULE","letter-spacing":"CT_CSS_SKIP_RULE","text-transform":"CT_CSS_SKIP_RULE","text-decoration":"CT_CSS_SKIP_RULE"},"pageExcerptColor":{"default":{"color":"CT_CSS_SKIP_RULEDEFAULT"}},"breadcrumbsFont":{"family":"Default","variation":"Default","size":"CT_CSS_SKIP_RULE","line-height":"CT_CSS_SKIP_RULE","letter-spacing":"CT_CSS_SKIP_RULE","text-transform":"CT_CSS_SKIP_RULE","text-decoration":"CT_CSS_SKIP_RULE"},"breadcrumbsFontColor":{"default":{"color":"CT_CSS_SKIP_RULEDEFAULT"},"initial":{"color":"CT_CSS_SKIP_RULEDEFAULT"},"hover":{"color":"CT_CSS_SKIP_RULEDEFAULT"}},"pageTitleOverlay":{"background_type":"color","background_pattern":"type-1","background_image":{"attachment_id":null,"x":0,"y":0},"gradient":"linear-gradient(135deg,rgba(6,147,227,1) 0%,rgb(155,81,224) 100%)","background_repeat":"repeat","background_size":"auto","background_attachment":"scroll","patternColor":{"default":{"color":"#e5e7ea"}},"overlayColor":{"default":{"color":"CT_CSS_SKIP_RULE"}},"backgroundColor":{"default":{"color":"CT_CSS_SKIP_RULE"}}},"pageTitleBackground":{"background_type":"color","background_pattern":"type-1","background_image":{"attachment_id":null,"x":0,"y":0},"gradient":"linear-gradient(135deg,rgba(6,147,227,1) 0%,rgb(155,81,224) 100%)","background_repeat":"repeat","background_size":"auto","background_attachment":"scroll","patternColor":{"default":{"color":"#e5e7ea"}},"overlayColor":{"default":{"color":"CT_CSS_SKIP_RULE"}},"backgroundColor":{"default":{"color":"var(--theme-palette-color-6)"}}},"pageTitlePadding":{"top":"50px","bottom":"50px","left":"auto","right":"auto","linked":true},"12e455f30de1d15aed0effbbb6f951bf":"","page_structure_type":"default","f474d2f3ad69b4e64f52dac0a3aa2bb2":"","content_style_source":"inherit","content_style":"wide","vertical_spacing_source":"custom","content_area_spacing":"none","background":{"background_type":"color","background_pattern":"type-1","background_image":{"attachment_id":null,"x":0,"y":0},"gradient":"linear-gradient(135deg,rgba(6,147,227,1) 0%,rgb(155,81,224) 100%)","background_repeat":"repeat","background_size":"auto","background_attachment":"scroll","patternColor":{"default":{"color":"#e5e7ea"}},"overlayColor":{"default":{"color":"CT_CSS_SKIP_RULE"}},"backgroundColor":{"default":{"color":"CT_CSS_SKIP_RULE"}}},"content_background":{"background_type":"color","background_pattern":"type-1","background_image":{"attachment_id":null,"x":0,"y":0},"gradient":"linear-gradient(135deg,rgba(6,147,227,1) 0%,rgb(155,81,224) 100%)","background_repeat":"repeat","background_size":"auto","background_attachment":"scroll","patternColor":{"default":{"color":"#e5e7ea"}},"overlayColor":{"default":{"color":"CT_CSS_SKIP_RULE"}},"backgroundColor":{"default":{"color":"var(--theme-palette-color-8)"}}},"content_boxed_shadow":{"inherit":false,"blur":18,"spread":-6,"v_offset":12,"h_offset":0,"inset":false,"enable":true,"color":{"color":"rgba(34, 56, 101, 0.04)"}},"content_boxed_border":{"width":1,"style":"none","color":{"color":"rgba(44,62,80,0.2)"}},"content_boxed_radius":{"top":"3px","bottom":"3px","left":"3px","right":"3px","linked":true},"boxed_content_spacing":{"desktop":{"top":"40px","bottom":"40px","left":"40px","right":"40px","linked":true},"tablet":{"top":"35px","bottom":"35px","left":"35px","right":"35px","linked":true},"mobile":{"top":"20px","bottom":"20px","left":"20px","right":"20px","linked":true}},"fca9f1d1c7aa58a4b21dd78357f6373e":"","disable_featured_image":"no","disable_share_box":"no","disable_header":"no","disable_footer":"no","styles_descriptor":{"styles":{"desktop":"","tablet":"","mobile":""},"google_fonts":[],"version":6}},"_links":{"self":[{"href":"https:\/\/wenerski.glogow.pl\/index.php\/wp-json\/wp\/v2\/pages\/607","targetHints":{"allow":["GET"]}}],"collection":[{"href":"https:\/\/wenerski.glogow.pl\/index.php\/wp-json\/wp\/v2\/pages"}],"about":[{"href":"https:\/\/wenerski.glogow.pl\/index.php\/wp-json\/wp\/v2\/types\/page"}],"author":[{"embeddable":true,"href":"https:\/\/wenerski.glogow.pl\/index.php\/wp-json\/wp\/v2\/users\/1"}],"replies":[{"embeddable":true,"href":"https:\/\/wenerski.glogow.pl\/index.php\/wp-json\/wp\/v2\/comments?post=607"}],"version-history":[{"count":14,"href":"https:\/\/wenerski.glogow.pl\/index.php\/wp-json\/wp\/v2\/pages\/607\/revisions"}],"predecessor-version":[{"id":1726,"href":"https:\/\/wenerski.glogow.pl\/index.php\/wp-json\/wp\/v2\/pages\/607\/revisions\/1726"}],"wp:attachment":[{"href":"https:\/\/wenerski.glogow.pl\/index.php\/wp-json\/wp\/v2\/media?parent=607"}],"curies":[{"name":"wp","href":"https:\/\/api.w.org\/{rel}","templated":true}]}}